{"id":42,"date":"2020-03-06T17:35:58","date_gmt":"2020-03-06T16:35:58","guid":{"rendered":"https:\/\/www.accube.co\/?page_id=42"},"modified":"2020-03-06T18:04:22","modified_gmt":"2020-03-06T17:04:22","slug":"uctovna-zavierka","status":"publish","type":"page","link":"https:\/\/www.accube.co\/?page_id=42","title":{"rendered":"\u00da\u010dtovn\u00e1 z\u00e1vierka"},"content":{"rendered":"\n<p>Spracovanie kompletnej \u00fa\u010dtovnej z\u00e1vierky je \u0161tandardnou slu\u017ebou, ktor\u00fa poskytuje mnoho \u00fa\u010dtovn\u00edckych spolo\u010dnost\u00ed. Pred definit\u00edvnym odoslan\u00edm \u00fa\u010dtovnej z\u00e1vierky spr\u00e1vcovi dane poskytujeme na\u0161im klientom mo\u017enos\u0165 prekonzultova\u0165 jednotliv\u00e9 riadky a ich n\u00e1pl\u0148, vysvetl\u00edme im ich v\u00fdznam a dopady napr. na schv\u00e1lenie \u00faveru, leasingu a pod.<\/p>\n","protected":false},"excerpt":{"rendered":"<p>Spracovanie kompletnej \u00fa\u010dtovnej z\u00e1vierky je \u0161tandardnou slu\u017ebou, ktor\u00fa poskytuje mnoho \u00fa\u010dtovn\u00edckych spolo\u010dnost\u00ed. Pred definit\u00edvnym odoslan\u00edm \u00fa\u010dtovnej z\u00e1vierky spr\u00e1vcovi dane poskytujeme na\u0161im klientom mo\u017enos\u0165 prekonzultova\u0165 jednotliv\u00e9 riadky a ich n\u00e1pl\u0148, vysvetl\u00edme im ich v\u00fdznam a dopady napr. na schv\u00e1lenie \u00faveru, leasingu a pod.<\/p>\n","protected":false},"author":1,"featured_media":0,"parent":0,"menu_order":0,"comment_status":"closed","ping_status":"closed","template":"","meta":{"_monsterinsights_skip_tracking":false,"_monsterinsights_sitenote_active":false,"_monsterinsights_sitenote_note":"","_monsterinsights_sitenote_category":0,"footnotes":""},"class_list":["post-42","page","type-page","status-publish","hentry"],"_links":{"self":[{"href":"https:\/\/www.accube.co\/index.php?rest_route=\/wp\/v2\/pages\/42","targetHints":{"allow":["GET"]}}],"collection":[{"href":"https:\/\/www.accube.co\/index.php?rest_route=\/wp\/v2\/pages"}],"about":[{"href":"https:\/\/www.accube.co\/index.php?rest_route=\/wp\/v2\/types\/page"}],"author":[{"embeddable":true,"href":"https:\/\/www.accube.co\/index.php?rest_route=\/wp\/v2\/users\/1"}],"replies":[{"embeddable":true,"href":"https:\/\/www.accube.co\/index.php?rest_route=%2Fwp%2Fv2%2Fcomments&post=42"}],"version-history":[{"count":3,"href":"https:\/\/www.accube.co\/index.php?rest_route=\/wp\/v2\/pages\/42\/revisions"}],"predecessor-version":[{"id":104,"href":"https:\/\/www.accube.co\/index.php?rest_route=\/wp\/v2\/pages\/42\/revisions\/104"}],"wp:attachment":[{"href":"https:\/\/www.accube.co\/index.php?rest_route=%2Fwp%2Fv2%2Fmedia&parent=42"}],"curies":[{"name":"wp","href":"https:\/\/api.w.org\/{rel}","templated":true}]}}