{"id":63,"date":"2020-03-06T17:41:42","date_gmt":"2020-03-06T16:41:42","guid":{"rendered":"https:\/\/www.accube.co\/?page_id=63"},"modified":"2020-03-07T21:27:15","modified_gmt":"2020-03-07T20:27:15","slug":"dppo","status":"publish","type":"page","link":"https:\/\/www.accube.co\/?page_id=63","title":{"rendered":"DPPO"},"content":{"rendered":"\n<p><strong>Spracovanie da\u0148ov\u00e9ho priznania k dani z pr\u00edjmov pr\u00e1vnick\u00fdch os\u00f4b<\/strong><\/p>\n\n\n\n<p>Znalos\u0165\nlegislat\u00edvy, metodick\u00fdch pokynov a dlhoro\u010dn\u00e1 prax n\u00e1m pom\u00e1haj\u00fa naplni\u0165 va\u0161e\npo\u017eiadavky t\u00fdkaj\u00face sa priznania k dani z pr\u00edjmov pr\u00e1vnick\u00fdch os\u00f4b.<\/p>\n\n\n\n<p>V r\u00e1mci\nspracovania da\u0148ov\u00e9ho priznania k dani z pr\u00edjmov pr\u00e1vnick\u00fdch os\u00f4b (DzPPO) na\u0161i\nklienti vyu\u017e\u00edvaj\u00fa najm\u00e4 tieto slu\u017eby:<\/p>\n\n\n\n<ul class=\"wp-block-list\"><li>Konzult\u00e1cie t\u00fdkaj\u00face sa opr\u00e1vnenosti da\u0148ov\u00fdch n\u00e1kladov, resp. v\u00fddavkov s mo\u017enos\u0165ou n\u00e1vrhu da\u0148ovej optimaliz\u00e1cie<\/li><li>Spracovanie da\u0148ov\u00e9ho priznania a jeho elektronick\u00e9 odoslanie spr\u00e1vcovi dane. Klientovi je zaslan\u00fd prevodn\u00fd pr\u00edkaz k \u00fahrade dane alebo platobn\u00e1 in\u0161trukcia<\/li><li>V\u00fdpo\u010det preddavkov na da\u0148 z pr\u00edjmov na nasleduj\u00face obdobie<\/li><\/ul>\n\n\n\n<h2 class=\"wp-block-heading\"><strong>Lehoty na podanie da\u0148ov\u00e9ho priznania\nk&nbsp;dani z&nbsp;pr\u00edjmov za rok 2019<\/strong><\/h2>\n\n\n\n<p>Da\u0148ov\u00e9 priznanie k&nbsp;dani z&nbsp;pr\u00edjmov za rok 2019 treba&nbsp;<strong>poda\u0165\nna da\u0148ov\u00fd \u00farad najnesk\u00f4r do<\/strong>:<\/p>\n\n\n\n<ul class=\"wp-block-list\"><li><strong>31.\n     marca 2020<\/strong>&nbsp;\u2013 ak da\u0148ovn\u00edk pod\u00e1va da\u0148ov\u00e9\n     priznanie v&nbsp;riadnom term\u00edne,<\/li><li><strong>30.\n     j\u00fana 2020<\/strong>&nbsp;\u2013 ak si chce da\u0148ovn\u00edk lehotu\n     na podanie da\u0148ov\u00e9ho priznania odlo\u017ei\u0165 o&nbsp;tri mesiace (je mo\u017en\u00e9 aj\n     o&nbsp;jeden, \u010di dva), pri\u010dom tla\u010divo odkladu treba poda\u0165 najnesk\u00f4r do 31.\n     marca 2020,<\/li><li><strong>30.\n     septembra 2020<\/strong>&nbsp;\u2013 ak si chce da\u0148ovn\u00edk lehotu\n     na podanie da\u0148ov\u00e9ho priznania odlo\u017ei\u0165 o&nbsp;\u0161es\u0165 mesiacov (je mo\u017en\u00e9 aj\n     menej) a&nbsp;z\u00e1rove\u0148 s\u00fa s\u00fa\u010das\u0165ou jeho pr\u00edjmov aj zdanite\u013en\u00e9 pr\u00edjmy\n     plyn\u00face zo zdrojov v&nbsp;zahrani\u010d\u00ed, pri\u010dom tla\u010divo odkladu treba poda\u0165\n     najnesk\u00f4r do 31. marca 2020.&nbsp; &nbsp;&nbsp;<\/li><\/ul>\n","protected":false},"excerpt":{"rendered":"<p>Spracovanie da\u0148ov\u00e9ho priznania k dani z pr\u00edjmov pr\u00e1vnick\u00fdch os\u00f4b Znalos\u0165 legislat\u00edvy, metodick\u00fdch pokynov a dlhoro\u010dn\u00e1 prax n\u00e1m pom\u00e1haj\u00fa naplni\u0165 va\u0161e po\u017eiadavky t\u00fdkaj\u00face sa priznania k dani z pr\u00edjmov pr\u00e1vnick\u00fdch os\u00f4b. V r\u00e1mci spracovania da\u0148ov\u00e9ho priznania k dani z pr\u00edjmov pr\u00e1vnick\u00fdch os\u00f4b (DzPPO) na\u0161i klienti vyu\u017e\u00edvaj\u00fa najm\u00e4 tieto slu\u017eby: Konzult\u00e1cie t\u00fdkaj\u00face sa opr\u00e1vnenosti da\u0148ov\u00fdch n\u00e1kladov, resp. &hellip; <\/p>\n<p class=\"link-more\"><a href=\"https:\/\/www.accube.co\/?page_id=63\" class=\"more-link\">Pokra\u010dova\u0165 v \u010d\u00edtan\u00ed<span class=\"screen-reader-text\"> &#8222;DPPO&#8220;<\/span><\/a><\/p>\n","protected":false},"author":1,"featured_media":0,"parent":0,"menu_order":0,"comment_status":"closed","ping_status":"closed","template":"","meta":{"_monsterinsights_skip_tracking":false,"_monsterinsights_sitenote_active":false,"_monsterinsights_sitenote_note":"","_monsterinsights_sitenote_category":0,"footnotes":""},"class_list":["post-63","page","type-page","status-publish","hentry"],"_links":{"self":[{"href":"https:\/\/www.accube.co\/index.php?rest_route=\/wp\/v2\/pages\/63","targetHints":{"allow":["GET"]}}],"collection":[{"href":"https:\/\/www.accube.co\/index.php?rest_route=\/wp\/v2\/pages"}],"about":[{"href":"https:\/\/www.accube.co\/index.php?rest_route=\/wp\/v2\/types\/page"}],"author":[{"embeddable":true,"href":"https:\/\/www.accube.co\/index.php?rest_route=\/wp\/v2\/users\/1"}],"replies":[{"embeddable":true,"href":"https:\/\/www.accube.co\/index.php?rest_route=%2Fwp%2Fv2%2Fcomments&post=63"}],"version-history":[{"count":6,"href":"https:\/\/www.accube.co\/index.php?rest_route=\/wp\/v2\/pages\/63\/revisions"}],"predecessor-version":[{"id":103,"href":"https:\/\/www.accube.co\/index.php?rest_route=\/wp\/v2\/pages\/63\/revisions\/103"}],"wp:attachment":[{"href":"https:\/\/www.accube.co\/index.php?rest_route=%2Fwp%2Fv2%2Fmedia&parent=63"}],"curies":[{"name":"wp","href":"https:\/\/api.w.org\/{rel}","templated":true}]}}