{"id":9,"date":"2020-03-01T23:07:49","date_gmt":"2020-03-01T22:07:49","guid":{"rendered":"https:\/\/www.accube.co\/?page_id=9"},"modified":"2024-04-06T14:57:29","modified_gmt":"2024-04-06T12:57:29","slug":"o-stranke","status":"publish","type":"page","link":"https:\/\/www.accube.co\/?page_id=9","title":{"rendered":"O Accube"},"content":{"rendered":"\n<h1 class=\"wp-block-heading\">Ak\u00e9 v\u00fdhody v\u00e1m pon\u00fakame?<\/h1>\n\n\n\n<p>&#8211; optimaliz\u00e1cia da\u0148ov\u00e9ho za\u0165a\u017eenia<br> &#8211; pripomienky da\u0148ov\u00fdch a odvodov\u00fdch term\u00ednov<br> &#8211; nulov\u00e9 n\u00e1klady na \u00fa\u010dtovn\u00fd softv\u00e9r<br> &#8211; online faktur\u00e1cia a arch\u00edv dokumentov<br> &#8211; individu\u00e1lne poradenstvo<\/p>\n\n\n\n<p><\/p>\n","protected":false},"excerpt":{"rendered":"<p>Ak\u00e9 v\u00fdhody v\u00e1m pon\u00fakame? &#8211; optimaliz\u00e1cia da\u0148ov\u00e9ho za\u0165a\u017eenia &#8211; pripomienky da\u0148ov\u00fdch a odvodov\u00fdch term\u00ednov &#8211; nulov\u00e9 n\u00e1klady na \u00fa\u010dtovn\u00fd softv\u00e9r &#8211; online faktur\u00e1cia a arch\u00edv dokumentov &#8211; individu\u00e1lne poradenstvo<\/p>\n","protected":false},"author":1,"featured_media":0,"parent":0,"menu_order":0,"comment_status":"closed","ping_status":"closed","template":"","meta":{"_monsterinsights_skip_tracking":false,"_monsterinsights_sitenote_active":false,"_monsterinsights_sitenote_note":"","_monsterinsights_sitenote_category":0,"footnotes":""},"class_list":["post-9","page","type-page","status-publish","hentry"],"_links":{"self":[{"href":"https:\/\/www.accube.co\/index.php?rest_route=\/wp\/v2\/pages\/9","targetHints":{"allow":["GET"]}}],"collection":[{"href":"https:\/\/www.accube.co\/index.php?rest_route=\/wp\/v2\/pages"}],"about":[{"href":"https:\/\/www.accube.co\/index.php?rest_route=\/wp\/v2\/types\/page"}],"author":[{"embeddable":true,"href":"https:\/\/www.accube.co\/index.php?rest_route=\/wp\/v2\/users\/1"}],"replies":[{"embeddable":true,"href":"https:\/\/www.accube.co\/index.php?rest_route=%2Fwp%2Fv2%2Fcomments&post=9"}],"version-history":[{"count":4,"href":"https:\/\/www.accube.co\/index.php?rest_route=\/wp\/v2\/pages\/9\/revisions"}],"predecessor-version":[{"id":121,"href":"https:\/\/www.accube.co\/index.php?rest_route=\/wp\/v2\/pages\/9\/revisions\/121"}],"wp:attachment":[{"href":"https:\/\/www.accube.co\/index.php?rest_route=%2Fwp%2Fv2%2Fmedia&parent=9"}],"curies":[{"name":"wp","href":"https:\/\/api.w.org\/{rel}","templated":true}]}}